{"id":155,"date":"2024-09-23T01:47:20","date_gmt":"2024-09-23T01:47:20","guid":{"rendered":"https:\/\/3gmkreativos.com\/?page_id=155"},"modified":"2024-09-23T01:47:22","modified_gmt":"2024-09-23T01:47:22","slug":"nosotros","status":"publish","type":"page","link":"https:\/\/3gmkreativos.com\/index.php\/nosotros\/","title":{"rendered":"Nosotros"},"content":{"rendered":"\n<p class=\"has-primary-color has-text-color has-link-color wp-elements-933795f48a92d6d363fc7b04c6b6fbab\">\u00bfQui\u00e9nes somos?<\/p>\n\n\n\n<p class=\"has-primary-color has-text-color has-link-color wp-elements-384fc6e8512b713b482aa8e95bac33c7\">3GM Kreativos.<\/p>\n\n\n\n<p class=\"has-body-text-color has-text-color has-link-color wp-elements-853dc9e676807558338a8d8252b26914\">Somos una empresa con una gran trayectoria en las artes gr\u00e1ficas y la comunicaci\u00f3n visual, hemos reunido mas de 10 a\u00f1os de experiencia en un equipo de trabajo en constante capacitaci\u00f3n en las nuevas tecnolog\u00edas y procesos para ofrecer una gama insuperable de soluciones a nuestros clientes.  Nos apasiona ayudar a nuestros clientes con sus proyectos, no descansamos hasta verlos sonre\u00edr.<\/p>\n\n\n\n<p><\/p>\n\n\n\n<p class=\"has-primary-color has-text-color has-link-color wp-elements-1bf3087fce574c278e692714978c5129\">MIsi\u00f3n:<\/p>\n\n\n\n<p class=\"has-primary-color has-text-color has-link-color wp-elements-d0b6e3f5d2be6a53065fb82c3cee8a77\">Dar la confianza a nuestros clientes, ofreciendo estrategias y<br>acciones que capten la atenci\u00f3n para conseguir nuestros objetivos,<br>dando servicio de calidad y tratando de innovar en cada producto<br>que ofrecemos, actuando de forma \u00e9tica y responsable.<\/p>\n\n\n\n<p class=\"has-primary-color has-text-color has-link-color wp-elements-1bcc7abad0e3eb755208762239dca625\">Visi\u00f3n:<\/p>\n\n\n\n<p>Lograr impacto efectivo y con calidad, tomando acciones claras y<br>objetivas para promocionar los productos y servicios y que<br>ofrecemos.<\/p>\n\n\n\n<p class=\"has-primary-color has-text-color has-link-color wp-elements-e07c056b5fa2301c3e7242827409bd65\">Valores: <\/p>\n\n\n\n<p>Servicio: Ponemos nuestro tiempo y recursos para lograr objetivos<br>concretos.<br>Compromiso: Cuando tomamos un proyecto, nos comprometemos a<br>entregarlo satisfactoriamente a nuestros clientes.<br>Honestidad: Brindamos los mejores materiales y soluciones a precios<br>justos.<\/p>\n\n\n\n<p><\/p>\n","protected":false},"excerpt":{"rendered":"<p>\u00bfQui\u00e9nes somos? 3GM Kreativos. Somos una empresa con una gran trayectoria en las artes gr\u00e1ficas y la comunicaci\u00f3n visual, hemos reunido mas de 10 a\u00f1os de experiencia en un equipo de trabajo en constante capacitaci\u00f3n en las nuevas tecnolog\u00edas y procesos para ofrecer una gama insuperable de soluciones a nuestros clientes. Nos apasiona ayudar a [&hellip;]<\/p>\n","protected":false},"author":1,"featured_media":0,"parent":0,"menu_order":0,"comment_status":"closed","ping_status":"closed","template":"","meta":{"footnotes":""},"class_list":["post-155","page","type-page","status-publish","hentry"],"yoast_head":"<!-- This site is optimized with the Yoast SEO plugin v25.1 - https:\/\/yoast.com\/wordpress\/plugins\/seo\/ -->\n<title>Nosotros - 3GMKREATIVOS<\/title>\n<meta name=\"robots\" content=\"index, follow, max-snippet:-1, max-image-preview:large, max-video-preview:-1\" \/>\n<link rel=\"canonical\" href=\"https:\/\/3gmkreativos.com\/index.php\/nosotros\/\" \/>\n<meta property=\"og:locale\" content=\"es_ES\" \/>\n<meta property=\"og:type\" content=\"article\" \/>\n<meta property=\"og:title\" content=\"Nosotros - 3GMKREATIVOS\" \/>\n<meta property=\"og:description\" content=\"\u00bfQui\u00e9nes somos? 3GM Kreativos. Somos una empresa con una gran trayectoria en las artes gr\u00e1ficas y la comunicaci\u00f3n visual, hemos reunido mas de 10 a\u00f1os de experiencia en un equipo de trabajo en constante capacitaci\u00f3n en las nuevas tecnolog\u00edas y procesos para ofrecer una gama insuperable de soluciones a nuestros clientes. Nos apasiona ayudar a [&hellip;]\" \/>\n<meta property=\"og:url\" content=\"https:\/\/3gmkreativos.com\/index.php\/nosotros\/\" \/>\n<meta property=\"og:site_name\" content=\"3GMKREATIVOS\" \/>\n<meta property=\"article:modified_time\" content=\"2024-09-23T01:47:22+00:00\" \/>\n<meta name=\"twitter:card\" content=\"summary_large_image\" \/>\n<meta name=\"twitter:label1\" content=\"Tiempo de lectura\" \/>\n\t<meta name=\"twitter:data1\" content=\"1 minuto\" \/>\n<script type=\"application\/ld+json\" class=\"yoast-schema-graph\">{\"@context\":\"https:\/\/schema.org\",\"@graph\":[{\"@type\":\"WebPage\",\"@id\":\"https:\/\/3gmkreativos.com\/index.php\/nosotros\/\",\"url\":\"https:\/\/3gmkreativos.com\/index.php\/nosotros\/\",\"name\":\"Nosotros - 3GMKREATIVOS\",\"isPartOf\":{\"@id\":\"https:\/\/3gmkreativos.com\/#website\"},\"datePublished\":\"2024-09-23T01:47:20+00:00\",\"dateModified\":\"2024-09-23T01:47:22+00:00\",\"breadcrumb\":{\"@id\":\"https:\/\/3gmkreativos.com\/index.php\/nosotros\/#breadcrumb\"},\"inLanguage\":\"es\",\"potentialAction\":[{\"@type\":\"ReadAction\",\"target\":[\"https:\/\/3gmkreativos.com\/index.php\/nosotros\/\"]}]},{\"@type\":\"BreadcrumbList\",\"@id\":\"https:\/\/3gmkreativos.com\/index.php\/nosotros\/#breadcrumb\",\"itemListElement\":[{\"@type\":\"ListItem\",\"position\":1,\"name\":\"Portada\",\"item\":\"https:\/\/3gmkreativos.com\/\"},{\"@type\":\"ListItem\",\"position\":2,\"name\":\"Nosotros\"}]},{\"@type\":\"WebSite\",\"@id\":\"https:\/\/3gmkreativos.com\/#website\",\"url\":\"https:\/\/3gmkreativos.com\/\",\"name\":\"3GMKREATIVOS\",\"description\":\"\",\"publisher\":{\"@id\":\"https:\/\/3gmkreativos.com\/#organization\"},\"potentialAction\":[{\"@type\":\"SearchAction\",\"target\":{\"@type\":\"EntryPoint\",\"urlTemplate\":\"https:\/\/3gmkreativos.com\/?s={search_term_string}\"},\"query-input\":{\"@type\":\"PropertyValueSpecification\",\"valueRequired\":true,\"valueName\":\"search_term_string\"}}],\"inLanguage\":\"es\"},{\"@type\":\"Organization\",\"@id\":\"https:\/\/3gmkreativos.com\/#organization\",\"name\":\"3GMKREATIVOS\",\"url\":\"https:\/\/3gmkreativos.com\/\",\"logo\":{\"@type\":\"ImageObject\",\"inLanguage\":\"es\",\"@id\":\"https:\/\/3gmkreativos.com\/#\/schema\/logo\/image\/\",\"url\":\"https:\/\/3gmkreativos.com\/wp-content\/uploads\/2024\/09\/cropped-logo-3G.png\",\"contentUrl\":\"https:\/\/3gmkreativos.com\/wp-content\/uploads\/2024\/09\/cropped-logo-3G.png\",\"width\":689,\"height\":250,\"caption\":\"3GMKREATIVOS\"},\"image\":{\"@id\":\"https:\/\/3gmkreativos.com\/#\/schema\/logo\/image\/\"}}]}<\/script>\n<!-- \/ Yoast SEO plugin. -->","yoast_head_json":{"title":"Nosotros - 3GMKREATIVOS","robots":{"index":"index","follow":"follow","max-snippet":"max-snippet:-1","max-image-preview":"max-image-preview:large","max-video-preview":"max-video-preview:-1"},"canonical":"https:\/\/3gmkreativos.com\/index.php\/nosotros\/","og_locale":"es_ES","og_type":"article","og_title":"Nosotros - 3GMKREATIVOS","og_description":"\u00bfQui\u00e9nes somos? 3GM Kreativos. Somos una empresa con una gran trayectoria en las artes gr\u00e1ficas y la comunicaci\u00f3n visual, hemos reunido mas de 10 a\u00f1os de experiencia en un equipo de trabajo en constante capacitaci\u00f3n en las nuevas tecnolog\u00edas y procesos para ofrecer una gama insuperable de soluciones a nuestros clientes. Nos apasiona ayudar a [&hellip;]","og_url":"https:\/\/3gmkreativos.com\/index.php\/nosotros\/","og_site_name":"3GMKREATIVOS","article_modified_time":"2024-09-23T01:47:22+00:00","twitter_card":"summary_large_image","twitter_misc":{"Tiempo de lectura":"1 minuto"},"schema":{"@context":"https:\/\/schema.org","@graph":[{"@type":"WebPage","@id":"https:\/\/3gmkreativos.com\/index.php\/nosotros\/","url":"https:\/\/3gmkreativos.com\/index.php\/nosotros\/","name":"Nosotros - 3GMKREATIVOS","isPartOf":{"@id":"https:\/\/3gmkreativos.com\/#website"},"datePublished":"2024-09-23T01:47:20+00:00","dateModified":"2024-09-23T01:47:22+00:00","breadcrumb":{"@id":"https:\/\/3gmkreativos.com\/index.php\/nosotros\/#breadcrumb"},"inLanguage":"es","potentialAction":[{"@type":"ReadAction","target":["https:\/\/3gmkreativos.com\/index.php\/nosotros\/"]}]},{"@type":"BreadcrumbList","@id":"https:\/\/3gmkreativos.com\/index.php\/nosotros\/#breadcrumb","itemListElement":[{"@type":"ListItem","position":1,"name":"Portada","item":"https:\/\/3gmkreativos.com\/"},{"@type":"ListItem","position":2,"name":"Nosotros"}]},{"@type":"WebSite","@id":"https:\/\/3gmkreativos.com\/#website","url":"https:\/\/3gmkreativos.com\/","name":"3GMKREATIVOS","description":"","publisher":{"@id":"https:\/\/3gmkreativos.com\/#organization"},"potentialAction":[{"@type":"SearchAction","target":{"@type":"EntryPoint","urlTemplate":"https:\/\/3gmkreativos.com\/?s={search_term_string}"},"query-input":{"@type":"PropertyValueSpecification","valueRequired":true,"valueName":"search_term_string"}}],"inLanguage":"es"},{"@type":"Organization","@id":"https:\/\/3gmkreativos.com\/#organization","name":"3GMKREATIVOS","url":"https:\/\/3gmkreativos.com\/","logo":{"@type":"ImageObject","inLanguage":"es","@id":"https:\/\/3gmkreativos.com\/#\/schema\/logo\/image\/","url":"https:\/\/3gmkreativos.com\/wp-content\/uploads\/2024\/09\/cropped-logo-3G.png","contentUrl":"https:\/\/3gmkreativos.com\/wp-content\/uploads\/2024\/09\/cropped-logo-3G.png","width":689,"height":250,"caption":"3GMKREATIVOS"},"image":{"@id":"https:\/\/3gmkreativos.com\/#\/schema\/logo\/image\/"}}]}},"_links":{"self":[{"href":"https:\/\/3gmkreativos.com\/index.php\/wp-json\/wp\/v2\/pages\/155","targetHints":{"allow":["GET"]}}],"collection":[{"href":"https:\/\/3gmkreativos.com\/index.php\/wp-json\/wp\/v2\/pages"}],"about":[{"href":"https:\/\/3gmkreativos.com\/index.php\/wp-json\/wp\/v2\/types\/page"}],"author":[{"embeddable":true,"href":"https:\/\/3gmkreativos.com\/index.php\/wp-json\/wp\/v2\/users\/1"}],"replies":[{"embeddable":true,"href":"https:\/\/3gmkreativos.com\/index.php\/wp-json\/wp\/v2\/comments?post=155"}],"version-history":[{"count":1,"href":"https:\/\/3gmkreativos.com\/index.php\/wp-json\/wp\/v2\/pages\/155\/revisions"}],"predecessor-version":[{"id":156,"href":"https:\/\/3gmkreativos.com\/index.php\/wp-json\/wp\/v2\/pages\/155\/revisions\/156"}],"wp:attachment":[{"href":"https:\/\/3gmkreativos.com\/index.php\/wp-json\/wp\/v2\/media?parent=155"}],"curies":[{"name":"wp","href":"https:\/\/api.w.org\/{rel}","templated":true}]}}